{"id":356,"date":"2018-12-30T10:56:11","date_gmt":"2018-12-30T15:56:11","guid":{"rendered":"http:\/\/sivunitsavut.ca\/?page_id=356"},"modified":"2021-01-06T12:20:21","modified_gmt":"2021-01-06T17:20:21","slug":"home","status":"publish","type":"page","link":"https:\/\/sivunitsavut.ca\/fr\/","title":{"rendered":"Accueil"},"content":{"rendered":"<p>[vc_row el_class=\u00a0\u00bbno-pad-both\u00a0\u00bb][vc_column]<div class=\"hero-box hero-modele-accueil\">\n    <div class=\"rond-box\"><img src=\"https:\/\/sivunitsavut.ca\/wp-content\/themes\/henri-theme\/images\/rond-big-3.png\"><\/div>\n    <!--    IMAGE RATIO CARR\u00c9-->\n    <div class=\"img-fond-box\"><img src=\"https:\/\/sivunitsavut.ca\/wp-content\/uploads\/2018\/11\/home-img-top-1-exemple.jpg\"><\/div>\n    <div class=\"txt-box\">\n        <h1>Nunavik Sivunitsavut<\/h1>\n        <h2 class=\"bordure-bas\">Une exp\u00e9rience d\u2019\u00e9tudes postsecondaires permettant d\u2019acqu\u00e9rir des connaissances ainsi que des aptitudes pour le travail et le leadership enracin\u00e9es dans la culture inuite.<\/h2>\n        <p>Unique au Qu\u00e9bec, Nunavik Sivunitsavut propose une exp\u00e9rience coll\u00e9giale d\u2019une ann\u00e9e au cours de laquelle les \u00e9tudiants analysent les questions mondiales modernes d\u2019un point de vue inuit. Les cours portent sur l\u2019histoire, la litt\u00e9rature, la politique, les sports, la culture et la langue circumpolaires et inuits. Les \u00e9tudiants prennent \u00e9galement part \u00e0 des activit\u00e9s et \u00e0 des \u00e9v\u00e9nements parascolaires pertinents sur le plan culturel. Au cours de l&rsquo;ann\u00e9e, les \u00e9tudiants acqui\u00e8rent ainsi une connaissance inestimable du Nunavik, de ses habitants et de leur culture.<\/p>\n                    <a class=\"btn btn-primary\" href=\"http:\/\/sivunitsavut.ca\/fr\/a-propos\/\"  title=\"\" target=\"\">En savoir plus sur nous<\/a>\n            <\/div>\n    <div class=\"bt-signUp-box\">\n        <div class=\"bt-signUp-in\">\n            <a href=\"http:\/\/sivunitsavut.ca\/fr\/futurs-etudiants\/\">\n                <span class=\"rond-box-small\"><img src=\"https:\/\/sivunitsavut.ca\/wp-content\/themes\/henri-theme\/images\/rond-big-3.png\"><\/span>\n                <span class=\"img-rond-box\"><img src=\"https:\/\/sivunitsavut.ca\/wp-content\/themes\/henri-theme\/images\/testimonial-bt-pict-1.jpg\"><\/span>\n                <span class=\"bts-text-box-rond\">\n                    <svg version=\"1.1\" id=\"Layer_1\" xmlns=\"http:\/\/www.w3.org\/2000\/svg\" xmlns:xlink=\"http:\/\/www.w3.org\/1999\/xlink\" x=\"0px\" y=\"0px\"\n                         viewBox=\"0 0 375 375\" style=\"enable-background:new 0 0 375 375;\" xml:space=\"preserve\">\n                        <path id=\"curve\" d=\"M188.9,337c-40.7,0-77.5-16.8-104.2-43.8C58,266.1,41.4,228.7,41.4,187.5c0-41.2,16.5-78.6,43.2-105.6S148.2,38,188.9,38\n\ts77.5,16.8,104.2,43.8s43.2,64.4,43.2,105.6c0,41.2-16.5,78.6-43.2,105.6C266.4,320.2,229.5,337,188.9,337z\"\/>\n                        <text width=\"375\">\n                            <textPath xlink:href=\"#curve\">\n                                Pourquoi choisir Nunavik Sivunitsavut?                            <\/textPath>\n                        <\/text>\n                        <\/svg>\n                <\/span>\n            <\/a>\n        <\/div>\n    <\/div>\n<\/div>[\/vc_column][\/vc_row][vc_row][vc_column offset=\u00a0\u00bbvc_col-md-offset-2 vc_col-md-8&Prime;]<div class=\"carousel-henri-box theme-default size-default  box-id-2\">\n    <div class=\"row\">\n        <div class=\"col\">\n            <div class=\"owl-carousel owl-theme owl-theme-default size-default\">\n                <div class=\"item  box-id-3\">\n    [vc_column_text]<\/p>\n<h2 class=\"bordure-bas\">Vous songez \u00e0 faire quelque chose de nouveau et de stimulant? Ne passez pas \u00e0 c\u00f4t\u00e9 de cette opportunit\u00e9! Date limite pour soumettre une candidature: 1er mars<\/h2>\n<p>[\/vc_column_text][vc_column_text]<a class=\"btn btn-primary\" href=\"http:\/\/sivunitsavut.ca\/future-students\/\">Read more<\/a>[\/vc_column_text]<\/div>            <\/div>\n        <\/div>\n    <\/div>\n<\/div>[\/vc_column][\/vc_row][vc_row][vc_column width=\u00a0\u00bb1\/3&Prime;]<div class=\"bts-sections-box\">\n    <a href=\"http:\/\/sivunitsavut.ca\/fr\/temoignages-detudiants\/\"  title=\"\" target=\"\">\n        <span class=\"rond-box\"><img src=\"https:\/\/sivunitsavut.ca\/wp-content\/themes\/henri-theme\/images\/rond-big-2.png\"><\/span>\n        <span class=\"img-rond-box\"><img src=\"https:\/\/sivunitsavut.ca\/wp-content\/uploads\/2018\/12\/bt-pict-5.jpg\"><\/span>\n        <span class=\"bts-text-box\">T\u00e9moignages<\/span>\n    <\/a>\n<\/div>[\/vc_column][vc_column width=\u00a0\u00bb1\/3&Prime;]<div class=\"bts-sections-box\">\n    <a href=\"http:\/\/sivunitsavut.ca\/fr\/cours-offerts\/\"  title=\"\" target=\"\">\n        <span class=\"rond-box\"><img src=\"https:\/\/sivunitsavut.ca\/wp-content\/themes\/henri-theme\/images\/rond-big-2.png\"><\/span>\n        <span class=\"img-rond-box\"><img src=\"https:\/\/sivunitsavut.ca\/wp-content\/uploads\/2018\/12\/bt-pict-2.jpg\"><\/span>\n        <span class=\"bts-text-box\">Cours<\/span>\n    <\/a>\n<\/div>[\/vc_column][vc_column width=\u00a0\u00bb1\/3&Prime;]<div class=\"bts-sections-box\">\n    <a href=\"http:\/\/sivunitsavut.ca\/fr\/futurs-etudiants#faq\"  title=\"\" target=\"\">\n        <span class=\"rond-box\"><img src=\"https:\/\/sivunitsavut.ca\/wp-content\/themes\/henri-theme\/images\/rond-big-2.png\"><\/span>\n        <span class=\"img-rond-box\"><img src=\"https:\/\/sivunitsavut.ca\/wp-content\/uploads\/2018\/12\/bt-pict-3.jpg\"><\/span>\n        <span class=\"bts-text-box\">FAQ<\/span>\n    <\/a>\n<\/div>[\/vc_column][\/vc_row][vc_row][vc_column]<div class=\"big-text-link\">\n    <a href=\"http:\/\/sivunitsavut.ca\/fr\/demande-dadmission\/\">Inscrivez-vous!<\/a>\n<\/div>[\/vc_column][\/vc_row]<\/p>\n","protected":false},"excerpt":{"rendered":"<p>[vc_row el_class=\u00a0\u00bbno-pad-both\u00a0\u00bb][vc_column][\/vc_column][\/vc_row][vc_row][vc_column offset=\u00a0\u00bbvc_col-md-offset-2 vc_col-md-8&Prime;][\/vc_column][\/vc_row][vc_row][vc_column width=\u00a0\u00bb1\/3&Prime;][\/vc_column][vc_column width=\u00a0\u00bb1\/3&Prime;][\/vc_column][vc_column width=\u00a0\u00bb1\/3&Prime;][\/vc_column][\/vc_row][vc_row][vc_column][\/vc_column][\/vc_row]<\/p>\n","protected":false},"author":1,"featured_media":0,"parent":0,"menu_order":0,"comment_status":"closed","ping_status":"closed","template":"","meta":[],"acf":[],"_links":{"self":[{"href":"https:\/\/sivunitsavut.ca\/fr\/wp-json\/wp\/v2\/pages\/356"}],"collection":[{"href":"https:\/\/sivunitsavut.ca\/fr\/wp-json\/wp\/v2\/pages"}],"about":[{"href":"https:\/\/sivunitsavut.ca\/fr\/wp-json\/wp\/v2\/types\/page"}],"author":[{"embeddable":true,"href":"https:\/\/sivunitsavut.ca\/fr\/wp-json\/wp\/v2\/users\/1"}],"replies":[{"embeddable":true,"href":"https:\/\/sivunitsavut.ca\/fr\/wp-json\/wp\/v2\/comments?post=356"}],"version-history":[{"count":16,"href":"https:\/\/sivunitsavut.ca\/fr\/wp-json\/wp\/v2\/pages\/356\/revisions"}],"predecessor-version":[{"id":674,"href":"https:\/\/sivunitsavut.ca\/fr\/wp-json\/wp\/v2\/pages\/356\/revisions\/674"}],"wp:attachment":[{"href":"https:\/\/sivunitsavut.ca\/fr\/wp-json\/wp\/v2\/media?parent=356"}],"curies":[{"name":"wp","href":"https:\/\/api.w.org\/{rel}","templated":true}]}}