{"id":365,"date":"2018-12-30T11:05:08","date_gmt":"2018-12-30T16:05:08","guid":{"rendered":"http:\/\/sivunitsavut.ca\/?page_id=365"},"modified":"2019-01-06T16:40:10","modified_gmt":"2019-01-06T21:40:10","slug":"a-propos","status":"publish","type":"page","link":"https:\/\/sivunitsavut.ca\/fr\/a-propos\/","title":{"rendered":"\u00c0 propos"},"content":{"rendered":"<p>[vc_row el_class=\u00a0\u00bbno-pad-both\u00a0\u00bb][vc_column css=\u00a0\u00bb.vc_custom_1544451612922{margin-top: 0px !important;padding-top: 0px !important;}\u00a0\u00bb]    <div class=\"hero-box hero-modele-interieur-1\">\n        <div class=\"rond-box\"><img src=\"https:\/\/sivunitsavut.ca\/wp-content\/themes\/henri-theme\/images\/rond-big-3.png\"><\/div>\n        <!--    IMAGE RATIO RECTANGLE-->\n        <div class=\"img-fond-box\">\n            <div class=\"mobile\"><img src=\"https:\/\/sivunitsavut.ca\/wp-content\/uploads\/2018\/12\/hero-img-1-328x250.jpg\"><\/div>\n            <div class=\"desk\"><img src=\"https:\/\/sivunitsavut.ca\/wp-content\/uploads\/2018\/12\/hero-img-1.jpg\"><\/div>\n        <\/div>\n        <div class=\"titre-page\"><h1>\u00c0 propos<\/h1><\/div>\n    <\/div>[\/vc_column][\/vc_row][vc_row][vc_column offset=\u00a0\u00bbvc_col-lg-offset-1 vc_col-lg-10&Prime;][vc_column_text el_class=\u00a0\u00bbtxt-center\u00a0\u00bb]<\/p>\n<h2>Unique au Qu\u00e9bec, le programme Nunavik Sivunitsavut consiste en une ann\u00e9e de cours sur l\u2019histoire, la politique, la gouvernance, la culture et la langue des Inuits et des peuples des r\u00e9gions circumpolaires. Les \u00e9l\u00e8ves y abordent des questions internationales contemporaines d\u2019un point de vue inuit. Ils acqui\u00e8rent ainsi une connaissance inestimable du Nunavik, de son peuple et de sa culture.<\/h2>\n<p><strong>Dans le cadre du programme Nunavik Sivunitsavut, les \u00e9tudiants\u00a0: <\/strong><br \/>\nExplorent la question de l\u2019identit\u00e9 inuite ainsi que ses liens avec les communaut\u00e9s et l\u2019histoire collective du Nunavik.<br \/>\nObtiennent des cr\u00e9dits qui peuvent \u00eatre comptabilis\u00e9s dans le cadre de tout dipl\u00f4me d\u2019\u00e9tudes coll\u00e9giales qu\u2019ils souhaiteraient obtenir plus tard.<br \/>\nOnt l\u2019occasion de vivre une exp\u00e9rience urbaine positive \u00e0 Montr\u00e9al.<br \/>\nD\u00e9veloppent des aptitudes pour le travail que les employeurs du Nunavik recherchent.<br \/>\nRenforcent leur sentiment d\u2019identit\u00e9 et leurs comp\u00e9tences en leadership.[\/vc_column_text][\/vc_column][\/vc_row][vc_section el_id=\u00a0\u00bbpartners\u00a0\u00bb][vc_row][vc_column]<div class=\"titre-section-rond-box\">\n    <div class=\"rond-box\"><img src=\"https:\/\/sivunitsavut.ca\/wp-content\/themes\/henri-theme\/images\/rond-big-2.png\"><\/div>\n    <div class=\"titre-page\"><h1>Partenaires<\/h1><\/div>\n<\/div>\n[\/vc_column][\/vc_row][vc_row][vc_column offset=\u00a0\u00bbvc_col-lg-offset-1 vc_col-lg-10&Prime;][vc_column_text el_class=\u00a0\u00bbtxt-center\u00a0\u00bb]Le programme Nunavik Sivunitsavut est soutenu par des partenaires cl\u00e9s. En\u00a02015, quatre organisations r\u00e9gionales du Nunavik ont \u200b\u200bdemand\u00e9 au Coll\u00e8ge John\u00a0Abbott de collaborer avec elles pour la mise sur pied et la prestation de cours culturellement adapt\u00e9s pour les jeunes du Nunavik. Ensemble, ils ont form\u00e9 un comit\u00e9 consultatif pour diriger et superviser l\u2019\u00e9laboration du programme Nunavik Sivunitsavut. Le Conseil jeunesse Qarjuit est \u00e9galement devenu un membre du comit\u00e9 consultatif. [\/vc_column_text][\/vc_column][vc_column][vc_row_inner][vc_column_inner css=\u00a0\u00bb.vc_custom_1543425084152{margin-top: 20px !important;border-top-width: 8px !important;border-top-color: #4f5c69 !important;border-top-style: solid !important;}\u00a0\u00bb][\/vc_column_inner][\/vc_row_inner][\/vc_column][\/vc_row][vc_row equal_height=\u00a0\u00bbyes\u00a0\u00bb][vc_column offset=\u00a0\u00bbvc_col-md-4&Prime;]<div class=\"partenaire-box\">\n    <div class=\"partner-img-box\"><img src=\"https:\/\/sivunitsavut.ca\/wp-content\/uploads\/2018\/11\/logo-exemple.jpg\"><\/div>\n    <div class=\"txt-partner\"><p>Le Coll\u00e8ge John\u00a0Abbott est notre partenaire qui d\u00e9livre le dipl\u00f4me d\u2019\u00e9tudes postsecondaires et qui rend possible la reconnaissance des cours du programme Nunavik Sivunitsavut. Cet \u00e9tablissement d\u2019enseignement public anglophone est au service des \u00e9tudiants depuis\u00a01971. Aujourd\u2019hui, la population \u00e9tudiante de plus en plus diversifi\u00e9e compte 6\u00a0500\u00a0\u00e9tudiants inscrits \u00e0 temps plein et 2\u00a0000\u00a0\u00e9tudiants en formation continue. Depuis plus de 20\u00a0ans, le Coll\u00e8ge John\u00a0Abbott travaille en partenariat avec Kativik Ilisarniliriniq afin d\u2019offrir de l\u2019aide aux \u00e9tudiants inuits du Nunavik. Le Coll\u00e8ge John\u00a0Abbott est situ\u00e9 \u00e0 l\u2019extr\u00e9mit\u00e9 ouest de l\u2019\u00eele de Montr\u00e9al.<\/p>\n<\/div>\n<\/div>\n[\/vc_column][vc_column offset=\u00a0\u00bbvc_col-md-4&Prime;]<div class=\"partenaire-box\">\n    <div class=\"partner-img-box\"><img src=\"https:\/\/sivunitsavut.ca\/wp-content\/uploads\/2018\/11\/logo-krg.jpg\"><\/div>\n    <div class=\"txt-partner\"><p>L\u2019Administration r\u00e9gionale Kativik (ARK) a \u00e9t\u00e9 cr\u00e9\u00e9e en\u00a01978, suivant la signature de la Convention de la Baie-James et du Nord qu\u00e9b\u00e9cois (CBJNQ), dans le but d\u2019offrir des services publics aux Nunavimmiut. Il s\u2019agit d\u2019un gouvernement public (non ethnique) charg\u00e9 de tout, de l\u2019entretien des a\u00e9roports au d\u00e9veloppement \u00e9conomique, en passant par le soutien \u00e0 la chasse et aux activit\u00e9s terrestres, aux services de police et plus encore. L\u2019ARK est le plus important employeur du Nunavik.<\/p>\n<\/div>\n<\/div>\n[\/vc_column][vc_column offset=\u00a0\u00bbvc_col-md-4&Prime;]<div class=\"partenaire-box\">\n    <div class=\"partner-img-box\"><img src=\"https:\/\/sivunitsavut.ca\/wp-content\/uploads\/2018\/11\/logo-makivik.jpg\"><\/div>\n    <div class=\"txt-partner\"><p>La Soci\u00e9t\u00e9 Makivik est le repr\u00e9sentant l\u00e9gal des Inuits du Qu\u00e9bec. Elle a pour mandat de prot\u00e9ger les droits, les int\u00e9r\u00eats et la compensation financi\u00e8re d\u00e9coulant de la CBJNQ. La Soci\u00e9t\u00e9 Makivik est charg\u00e9e de cr\u00e9er des emplois, de favoriser le d\u00e9veloppement \u00e9conomique et social et de promouvoir la culture inuite. De plus, elle poss\u00e8de et exploite de grandes entreprises (telles que First Air et Air Inuit). <\/p>\n<\/div>\n<\/div>\n[\/vc_column][\/vc_row][vc_row equal_height=\u00a0\u00bbyes\u00a0\u00bb][vc_column offset=\u00a0\u00bbvc_col-md-4&Prime;]<div class=\"partenaire-box\">\n    <div class=\"partner-img-box\"><img src=\"https:\/\/sivunitsavut.ca\/wp-content\/uploads\/2018\/11\/logo-kativik.jpg\"><\/div>\n    <div class=\"txt-partner\"><p>La commission scolaire Kativik Ilisarniliriniq, \u00e9galement cr\u00e9\u00e9e en vertu de la CBJNQ, est entr\u00e9e en activit\u00e9 en\u00a01978. Elle a pour mandat d\u2019assurer l\u2019enseignement primaire et secondaire ainsi que l\u2019\u00e9ducation des adultes dans la r\u00e9gion du Nunavik, et d\u2019organiser et de superviser les services offerts aux \u00e9tudiants de niveau postsecondaire. Elle dirige 17\u00a0\u00e9coles et 5\u00a0centres d\u2019\u00e9ducation aux adultes et de formation professionnelle dans les 14\u00a0collectivit\u00e9s du Nunavik. <\/p>\n<\/div>\n<\/div>\n[\/vc_column][vc_column offset=\u00a0\u00bbvc_col-md-4&Prime;]<div class=\"partenaire-box\">\n    <div class=\"partner-img-box\"><img src=\"https:\/\/sivunitsavut.ca\/wp-content\/uploads\/2018\/11\/logo-avataq.jpg\"><\/div>\n    <div class=\"txt-partner\"><p>L\u2019Institut culturel Avataq a \u00e9t\u00e9 fond\u00e9 en\u00a01980 en r\u00e9ponse \u00e0 l\u2019\u00e9volution rapide de la culture du Nunavik, attribuable en grande partie aux changements apport\u00e9s par la CBJNQ. Il a pour mandat de promouvoir et de prot\u00e9ger la langue et la culture des Inuits du Nunavik.<\/p>\n<\/div>\n<\/div>\n[\/vc_column][vc_column offset=\u00a0\u00bbvc_col-md-4&Prime;]<div class=\"partenaire-box\">\n    <div class=\"partner-img-box\"><img src=\"https:\/\/sivunitsavut.ca\/wp-content\/uploads\/2018\/11\/logo-qarjuit.jpg\"><\/div>\n    <div class=\"txt-partner\"><p>Cr\u00e9\u00e9 en septembre\u00a02015 en tant qu\u2019organisation ethnique \u00e0 but non lucratif, le Conseil jeunesse Qarjuit a pour objectif d\u2019am\u00e9liorer la vie des jeunes de 15 \u00e0 35\u00a0ans du Nunavik et de Chisasibi. Il poursuit cet objectif en fournissant des renseignements et en offrant du soutien ainsi que des programmes sp\u00e9cialement con\u00e7us par et pour les jeunes. L\u2019organisation cherche \u00e0 donner \u00e0 la jeunesse la voix qu\u2019elle m\u00e9rite. Faire conna\u00eetre les valeurs culturelles inuites dans la soci\u00e9t\u00e9 moderne d\u2019aujourd\u2019hui est au c\u0153ur de sa mission.<\/p>\n<\/div>\n<\/div>\n[\/vc_column][\/vc_row][vc_row css=\u00a0\u00bb.vc_custom_1543425245187{padding-top: 70px !important;}\u00a0\u00bb][vc_column offset=\u00a0\u00bbvc_col-lg-offset-2 vc_col-lg-8&Prime;][vc_column_text el_class=\u00a0\u00bbtxt-center\u00a0\u00bb]<\/p>\n<h2>Le programme Nunavik Sivunitsavut est soutenu par les partenaires suivants\u00a0:<\/h2>\n<p>[\/vc_column_text][\/vc_column][\/vc_row][vc_row][vc_column width=\u00a0\u00bb1\/3&Prime;][vc_single_image image=\u00a0\u00bb137&Prime; img_size=\u00a0\u00bbfull\u00a0\u00bb alignment=\u00a0\u00bbcenter\u00a0\u00bb el_class=\u00a0\u00bbpartner-logo\u00a0\u00bb][\/vc_column][vc_column width=\u00a0\u00bb1\/3&Prime;][vc_single_image image=\u00a0\u00bb127&Prime; img_size=\u00a0\u00bbfull\u00a0\u00bb alignment=\u00a0\u00bbcenter\u00a0\u00bb el_class=\u00a0\u00bbpartner-logo\u00a0\u00bb][\/vc_column][vc_column width=\u00a0\u00bb1\/3&Prime;][vc_single_image image=\u00a0\u00bb129&Prime; img_size=\u00a0\u00bbfull\u00a0\u00bb alignment=\u00a0\u00bbcenter\u00a0\u00bb el_class=\u00a0\u00bbpartner-logo\u00a0\u00bb][\/vc_column][\/vc_row][vc_row css=\u00a0\u00bb.vc_custom_1543425245187{padding-top: 70px !important;}\u00a0\u00bb][vc_column offset=\u00a0\u00bbvc_col-lg-offset-2 vc_col-lg-8&Prime;][vc_column_text el_class=\u00a0\u00bbtxt-center\u00a0\u00bb]<\/p>\n<h2>Nous tenons \u00e9galement \u00e0 souligner l\u2019appui financier offert par Affaires autochtones et du Nord Canada (AANC) de 2016 \u00e0 2018.<\/h2>\n<p>[\/vc_column_text][\/vc_column][\/vc_row][vc_row][vc_column][vc_single_image image=\u00a0\u00bb164&Prime; img_size=\u00a0\u00bbfull\u00a0\u00bb alignment=\u00a0\u00bbcenter\u00a0\u00bb el_class=\u00a0\u00bbpartner-logo\u00a0\u00bb][\/vc_column][\/vc_row][\/vc_section][vc_row el_class=\u00a0\u00bbno-pad-both\u00a0\u00bb][vc_column]<div class=\"rond-titre-stitre-lien-box\">\n    <div class=\"rond-box\"><img src=\"https:\/\/sivunitsavut.ca\/wp-content\/themes\/henri-theme\/images\/rond-big-3.png\"><\/div>\n    <!--    IMAGE RATIO CARR\u00c9-->\n    <div class=\"img-fond-box\"><img src=\"\"><\/div>\n    <div class=\"txt-box\">\n        <h1>\u201c\u201d<\/h1>\n        <h2>- , <\/h2>\n                    <a class=\"btn btn-primary\" href=\"https:\/\/sivunitsavut.ca\/fr\/student-testimonials\/\"  title=\"\" target=\"\">Tous les t\u00e9moignages<\/a>\n            <\/div>\n<\/div>[\/vc_column][\/vc_row]<\/p>\n","protected":false},"excerpt":{"rendered":"<p>[vc_row el_class=\u00a0\u00bbno-pad-both\u00a0\u00bb][vc_column css=\u00a0\u00bb.vc_custom_1544451612922{margin-top: 0px !important;padding-top: 0px !important;}\u00a0\u00bb][\/vc_column][\/vc_row][vc_row][vc_column offset=\u00a0\u00bbvc_col-lg-offset-1 vc_col-lg-10&Prime;][vc_column_text el_class=\u00a0\u00bbtxt-center\u00a0\u00bb] Unique au Qu\u00e9bec, le programme Nunavik Sivunitsavut consiste en une ann\u00e9e de cours sur l\u2019histoire, la politique, la gouvernance, la culture et la langue des Inuits et des peuples des r\u00e9gions circumpolaires. Les \u00e9l\u00e8ves y abordent des questions internationales contemporaines d\u2019un point de vue inuit. [&hellip;]<\/p>\n","protected":false},"author":1,"featured_media":0,"parent":0,"menu_order":0,"comment_status":"closed","ping_status":"closed","template":"","meta":[],"acf":[],"_links":{"self":[{"href":"https:\/\/sivunitsavut.ca\/fr\/wp-json\/wp\/v2\/pages\/365"}],"collection":[{"href":"https:\/\/sivunitsavut.ca\/fr\/wp-json\/wp\/v2\/pages"}],"about":[{"href":"https:\/\/sivunitsavut.ca\/fr\/wp-json\/wp\/v2\/types\/page"}],"author":[{"embeddable":true,"href":"https:\/\/sivunitsavut.ca\/fr\/wp-json\/wp\/v2\/users\/1"}],"replies":[{"embeddable":true,"href":"https:\/\/sivunitsavut.ca\/fr\/wp-json\/wp\/v2\/comments?post=365"}],"version-history":[{"count":4,"href":"https:\/\/sivunitsavut.ca\/fr\/wp-json\/wp\/v2\/pages\/365\/revisions"}],"predecessor-version":[{"id":452,"href":"https:\/\/sivunitsavut.ca\/fr\/wp-json\/wp\/v2\/pages\/365\/revisions\/452"}],"wp:attachment":[{"href":"https:\/\/sivunitsavut.ca\/fr\/wp-json\/wp\/v2\/media?parent=365"}],"curies":[{"name":"wp","href":"https:\/\/api.w.org\/{rel}","templated":true}]}}