{"id":376,"date":"2018-12-30T11:50:53","date_gmt":"2018-12-30T16:50:53","guid":{"rendered":"http:\/\/sivunitsavut.ca\/?page_id=376"},"modified":"2023-08-24T16:27:43","modified_gmt":"2023-08-24T20:27:43","slug":"etudiants-actuels","status":"publish","type":"page","link":"https:\/\/sivunitsavut.ca\/fr\/etudiants-actuels\/","title":{"rendered":"\u00c9tudiants actuels"},"content":{"rendered":"<p>[vc_row el_class=\u00a0\u00bbno-pad-both\u00a0\u00bb][vc_column]    <div class=\"hero-box hero-modele-interieur-1\">\n        <div class=\"rond-box\"><img src=\"https:\/\/sivunitsavut.ca\/wp-content\/themes\/henri-theme\/images\/rond-big-3.png\"><\/div>\n        <!--    IMAGE RATIO RECTANGLE-->\n        <div class=\"img-fond-box\">\n            <div class=\"mobile\"><img src=\"https:\/\/sivunitsavut.ca\/wp-content\/uploads\/2018\/11\/exemple-hero-img-1-328x250.jpg\"><\/div>\n            <div class=\"desk\"><img src=\"https:\/\/sivunitsavut.ca\/wp-content\/uploads\/2018\/11\/exemple-hero-img-1.jpg\"><\/div>\n        <\/div>\n        <div class=\"titre-page\"><h1>\u00c9tudiants actuels<\/h1><\/div>\n    <\/div>[\/vc_column][\/vc_row][vc_row][vc_column offset=\u00a0\u00bbvc_col-lg-offset-1 vc_col-lg-10&Prime;][vc_column_text el_class=\u00a0\u00bbtxt-center\u00a0\u00bb]<\/p>\n<h2>Cette section du site Web est destin\u00e9e aux \u00e9tudiants actuellement inscrits au programme Nunavik Sivunitsavut.<\/h2>\n<p>Vous pouvez \u00e9galement acc\u00e9der \u00e0 Omnivox sur le <a href=\"https:\/\/johnabbott.omnivox.ca\/intr\/Module\/Identification\/Login\/Login.aspx?ReturnUrl=%2fintr%2f%3fL%3dFRA&amp;L=FRA\" target=\"_blank\" rel=\"noopener\">Portail \u00e9tudiant du Coll\u00e8ge John\u00a0Abbott<\/a>.[\/vc_column_text][\/vc_column][\/vc_row][vc_row css=\u00a0\u00bb.vc_custom_1544455978230{margin-bottom: 0px !important;padding-bottom: 0px !important;}\u00a0\u00bb][vc_column]<div class=\"titre-section-rond-box\">\n    <div class=\"rond-box\"><img src=\"https:\/\/sivunitsavut.ca\/wp-content\/themes\/henri-theme\/images\/rond-big-2.png\"><\/div>\n    <div class=\"titre-page\"><h1>Dates importantes<\/h1><\/div>\n<\/div>\n[\/vc_column][\/vc_row][vc_row css=\u00a0\u00bb.vc_custom_1544455973102{margin-top: 0px !important;padding-top: 0px !important;}\u00a0\u00bb][vc_column offset=\u00a0\u00bbvc_col-lg-offset-1 vc_col-lg-10&Prime;][vc_column_text]Si vous \u00eates inscrit au Nunavik Sivunitsavut pour l\u2019ann\u00e9e scolaire 2023-2024, veuillez prendre note de ces dates :<\/p>\n<p>&nbsp;<\/p>\n<p><strong>Semestre d\u2019automne 2023<\/strong><br \/>\n5 au 8 septembre : orientation[\/vc_column_text][\/vc_column][vc_column][vc_row_inner][vc_column_inner css=\u00a0\u00bb.vc_custom_1543425084152{margin-top: 20px !important;border-top-width: 8px !important;border-top-color: #4f5c69 !important;border-top-style: solid !important;}\u00a0\u00bb][\/vc_column_inner][\/vc_row_inner][\/vc_column][\/vc_row][vc_row css=\u00a0\u00bb.vc_custom_1544456016890{margin-bottom: 0px !important;padding-bottom: 0px !important;}\u00a0\u00bb][vc_column]<div class=\"titre-section-rond-box\">\n    <div class=\"rond-box\"><img src=\"https:\/\/sivunitsavut.ca\/wp-content\/themes\/henri-theme\/images\/rond-big-2.png\"><\/div>\n    <div class=\"titre-page\"><h1>Bourses<\/h1><\/div>\n<\/div>\n[\/vc_column][\/vc_row][vc_row css=\u00a0\u00bb.vc_custom_1544456023310{margin-top: 0px !important;padding-top: 0px !important;}\u00a0\u00bb][vc_column offset=\u00a0\u00bbvc_col-lg-offset-1 vc_col-lg-10&Prime;][vc_column_text]De nombreuses possibilit\u00e9s d\u2019aide financi\u00e8re sont propos\u00e9es aux \u00e9tudiants.<\/p>\n<p>Nous en pr\u00e9sentons ici quelques-unes qui pourraient vous int\u00e9resser. Ne limitez pas vos recherches \u00e0 celles-ci!<\/p>\n<p><a href=\"https:\/\/www.kativik.qc.ca\/opportunites-de-bourses\/\">Explore quelques possibilit\u00e9s ici<\/a>.[\/vc_column_text][\/vc_column][vc_column][\/vc_column][\/vc_row]<\/p>\n","protected":false},"excerpt":{"rendered":"<p>[vc_row el_class=\u00a0\u00bbno-pad-both\u00a0\u00bb][vc_column][\/vc_column][\/vc_row][vc_row][vc_column offset=\u00a0\u00bbvc_col-lg-offset-1 vc_col-lg-10&Prime;][vc_column_text el_class=\u00a0\u00bbtxt-center\u00a0\u00bb] Cette section du site Web est destin\u00e9e aux \u00e9tudiants actuellement inscrits au programme Nunavik Sivunitsavut. Vous pouvez \u00e9galement acc\u00e9der \u00e0 Omnivox sur le Portail \u00e9tudiant du Coll\u00e8ge John\u00a0Abbott.[\/vc_column_text][\/vc_column][\/vc_row][vc_row css=\u00a0\u00bb.vc_custom_1544455978230{margin-bottom: 0px !important;padding-bottom: 0px !important;}\u00a0\u00bb][vc_column][\/vc_column][\/vc_row][vc_row css=\u00a0\u00bb.vc_custom_1544455973102{margin-top: 0px !important;padding-top: 0px !important;}\u00a0\u00bb][vc_column offset=\u00a0\u00bbvc_col-lg-offset-1 vc_col-lg-10&Prime;][vc_column_text]Si vous \u00eates inscrit au Nunavik Sivunitsavut pour l\u2019ann\u00e9e scolaire 2023-2024, [&hellip;]<\/p>\n","protected":false},"author":1,"featured_media":0,"parent":0,"menu_order":0,"comment_status":"closed","ping_status":"closed","template":"","meta":[],"acf":[],"_links":{"self":[{"href":"https:\/\/sivunitsavut.ca\/fr\/wp-json\/wp\/v2\/pages\/376"}],"collection":[{"href":"https:\/\/sivunitsavut.ca\/fr\/wp-json\/wp\/v2\/pages"}],"about":[{"href":"https:\/\/sivunitsavut.ca\/fr\/wp-json\/wp\/v2\/types\/page"}],"author":[{"embeddable":true,"href":"https:\/\/sivunitsavut.ca\/fr\/wp-json\/wp\/v2\/users\/1"}],"replies":[{"embeddable":true,"href":"https:\/\/sivunitsavut.ca\/fr\/wp-json\/wp\/v2\/comments?post=376"}],"version-history":[{"count":13,"href":"https:\/\/sivunitsavut.ca\/fr\/wp-json\/wp\/v2\/pages\/376\/revisions"}],"predecessor-version":[{"id":813,"href":"https:\/\/sivunitsavut.ca\/fr\/wp-json\/wp\/v2\/pages\/376\/revisions\/813"}],"wp:attachment":[{"href":"https:\/\/sivunitsavut.ca\/fr\/wp-json\/wp\/v2\/media?parent=376"}],"curies":[{"name":"wp","href":"https:\/\/api.w.org\/{rel}","templated":true}]}}