{"id":386,"date":"2018-12-30T12:18:30","date_gmt":"2018-12-30T17:18:30","guid":{"rendered":"http:\/\/sivunitsavut.ca\/?page_id=386"},"modified":"2025-09-09T13:34:45","modified_gmt":"2025-09-09T17:34:45","slug":"futurs-etudiants","status":"publish","type":"page","link":"https:\/\/sivunitsavut.ca\/fr\/futurs-etudiants\/","title":{"rendered":"Futurs \u00e9tudiants"},"content":{"rendered":"<p>[vc_row el_class=\u00a0\u00bbno-pad-both\u00a0\u00bb][vc_column]    <div class=\"hero-box hero-modele-interieur-1\">\n        <div class=\"rond-box\"><img src=\"https:\/\/sivunitsavut.ca\/wp-content\/themes\/henri-theme\/images\/rond-big-3.png\"><\/div>\n        <!--    IMAGE RATIO RECTANGLE-->\n        <div class=\"img-fond-box\">\n            <div class=\"mobile\"><img src=\"https:\/\/sivunitsavut.ca\/wp-content\/uploads\/2018\/12\/hero-futurestudent-1-1-328x250.jpg\"><\/div>\n            <div class=\"desk\"><img src=\"https:\/\/sivunitsavut.ca\/wp-content\/uploads\/2018\/12\/hero-futurestudent-1-1.jpg\"><\/div>\n        <\/div>\n        <div class=\"titre-page\"><h1>Futurs \u00e9tudiants<\/h1><\/div>\n    <\/div>[\/vc_column][\/vc_row][vc_row][vc_column offset=\u00a0\u00bbvc_col-lg-offset-1 vc_col-lg-10&Prime;][vc_column_text el_class=\u00a0\u00bbtxt-center\u00a0\u00bb]<\/p>\n<h2>Vous avez entendu parler du programme Nunavik Sivunitsavut et vous vous demandez si vous devriez faire le saut? Voici pourquoi vous devriez nous choisir.<\/h2>\n<p><strong>Il n\u2019existe aucune autre exp\u00e9rience postsecondaire ax\u00e9e sur les connaissances et la culture du Nunavik. <\/strong><\/p>\n<p>Nunavik Sivunitsavut est un programme unique qui offre plus que des cours. Vous rencontrerez d\u2019autres Nunavimmiut qui proviennent de partout dans la r\u00e9gion et travaillerez de concert avec eux pour mieux comprendre les r\u00e9alisations, les forces ainsi que les d\u00e9fis pass\u00e9s et actuels des Inuits. Vous serez encourag\u00e9s \u00e0 d\u00e9couvrir de nouvelles fa\u00e7ons de vous exprimer et de parler de votre \u00ab\u00a0inuitude\u00a0\u00bb par l\u2019\u00e9criture, la pr\u00e9sentation orale, les sports traditionnels ainsi que l\u2019art visuel et performatif. Vous serez appel\u00e9 \u00e0 sortir de votre zone de confort et \u00e0 r\u00e9fl\u00e9chir aux raisons pour lesquelles votre identit\u00e9 inuite est importante et pr\u00e9cieuse.<\/p>\n<p>Nous esp\u00e9rons qu\u2019\u00e0 la fin de l\u2019ann\u00e9e, vous terminerez le programme Nunavik Sivunitsavut non seulement avec des cr\u00e9dits coll\u00e9giaux, mais aussi avec la fiert\u00e9 de venir du Nunavik et la passion de partager vos origines avec le reste du monde.<\/p>\n<p>Cette partie du site Web fournit des renseignements sur l\u2019h\u00e9bergement \u00e9tudiant et le soutien offert pendant vos \u00e9tudes de m\u00eame qu\u2019une foire aux questions.<\/p>\n<p>Par ailleurs, n\u2019oubliez pas de jeter un \u0153il au contenu des <a href=\"http:\/\/sivunitsavut.ca\/fr\/cours-offerts\/\">cours offerts! <\/a>[\/vc_column_text][\/vc_column][\/vc_row][vc_row][vc_column width=\u00a0\u00bb1\/2&Prime;][vc_column_text]<\/p>\n<h2>Conditions de vie des \u00e9tudiants<\/h2>\n<p>L\u2019h\u00e9bergement des \u00e9tudiants inscrits au programme Nunavik Sivunitsavut est fourni par la commission scolaire Kativik Ilisarniliriniq dans le cadre du Programme d\u2019aide financi\u00e8re pour les \u00e9tudiants du postsecondaire. Ce dernier est g\u00e9r\u00e9 par le service aux \u00e9tudiants du postsecondaire. Pour en savoir plus sur le Programme et sur les dates limites de d\u00e9p\u00f4t d\u2019une demande, <a href=\"https:\/\/www.kativik.qc.ca\/fr\/etudes-postsecondaires-2018\/\" target=\"_blank\" rel=\"noopener\">cliquez ici<\/a>.<\/p>\n<p>Les \u00e9tudiants du programme Nunavik Sivunitsavut qui n\u2019ont pas d\u2019enfants sont log\u00e9s dans les r\u00e9sidences pour \u00e9tudiants EVO. Pour voir les chambres et les installations, <a href=\"https:\/\/www.evomontreal.com\/fr\/residence-universitaire-montreal\/evo-vieux-montreal\/\" target=\"_blank\" rel=\"noopener\">cliquez ici<\/a>.<\/p>\n<p>Ceux qui ont des enfants sont h\u00e9berg\u00e9s dans des appartements g\u00e9r\u00e9s par la commission scolaire Kativik Ilisarniliriniq dans le cadre du Programme d\u2019aide financi\u00e8re pour les \u00e9tudiants du postsecondaire. Cette ann\u00e9e, ces appartements sont situ\u00e9s \u00e0 Dorval, pr\u00e8s de garderies, d\u2019\u00e9coles, de commodit\u00e9s et du transport en commun. Le trajet vers le lieu des cours prend environ 45\u00a0minutes (aller simple).<\/p>\n<p>Pour en savoir plus sur les options d\u2019h\u00e9bergement, veuillez communiquer avec le service aux \u00e9tudiants du postsecondaire au 514\u00a0457-1178. Vous trouverez de plus amples renseignements sur le soutien offert par le service en <a href=\"https:\/\/www.kativik.qc.ca\/fr\/etudes-postsecondaires-2018\/\" target=\"_blank\" rel=\"noopener\">cliquant ici<\/a>.[\/vc_column_text][\/vc_column][vc_column width=\u00a0\u00bb1\/2&Prime;][vc_column_text]<\/p>\n<h2>Comment obtenir du soutien aux \u00e9tudes<\/h2>\n<p>Pendant vos \u00e9tudes, vous recevrez le soutien de l\u2019\u00e9quipe du programme Nunavik Sivunitsavut.<\/p>\n<p>Celle-ci fournit du soutien logistique*, social et scolaire aux \u00e9tudiants. Par exemple, elle s\u2019occupe de ce qui suit\u00a0:<\/p>\n<ul>\n<li><strong>aider les \u00e9tudiants \u00e0 pr\u00e9senter leur demande de bourse d\u2019\u00e9tudes;<\/strong><\/li>\n<li><strong>offrir du soutien social et scolaire aux \u00e9tudiants pendant qu\u2019ils suivent les cours du programme Nunavik Sivunitsavut;<\/strong><\/li>\n<li><strong>organiser des sorties et des activit\u00e9s sociales pour les \u00e9tudiants.<\/strong><\/li>\n<\/ul>\n<p><em>* Remarque\u00a0: le soutien logistique concerne le logement, l\u2019inscription \u00e0 la garderie pour ceux qui ont des personnes \u00e0 charge et la r\u00e9servation de transport, entre autres.<\/em><\/p>\n<p>D\u00e9cider d\u2019\u00e9tudier au niveau postsecondaire, c\u2019est une d\u00e9cision importante. Prenez le temps qu\u2019il faut pour faire une demande d\u2019aide financi\u00e8re aupr\u00e8s de Kativik Ilisarniliriniq et pour remplir votre demande d\u2019admission au programme Nunavik Sivunitsavut. Obtenez un aper\u00e7u complet de la marche \u00e0 suivre en <a href=\"http:\/\/sivunitsavut.ca\/fr\/demande-dadmission\/\">cliquant ici<\/a>.<\/p>\n<p>Si vous avez des questions, veuillez communiquer avec nous aux coordonn\u00e9es ci-dessous avant le 1<sup>er<\/sup>\u00a0mars, date limite de d\u00e9p\u00f4t d\u2019une demande. Nous serons heureux de vous aider!<\/p>\n<p>T\u00e9l\u00e9phone\u00a0: 514\u00a0303-9944<br \/>\nNum\u00e9ro sans frais\u00a0: 1\u00a0844\u00a0445-2525<br \/>\nT\u00e9l\u00e9copieur\u00a0: 514\u00a0989-8789<br \/>\nCourriel\u00a0: <a href=\"mailto:info@sivunitsavut.ca\">info@sivunitsavut.ca<\/a>[\/vc_column_text][\/vc_column][\/vc_row][vc_section el_id=\u00a0\u00bbfaq\u00a0\u00bb][vc_row][vc_column][vc_column_text]<\/p>\n<h2>Foire aux questions<\/h2>\n<p>Vous souhaitez faire une demande pour \u00e9tudier avec Nunavik Sivunitsavut? Vous trouverez ci-dessous une liste de questions que la plupart de nos futurs \u00e9tudiants nous ont d\u00e9j\u00e0 pos\u00e9es. Ces questions portent notamment sur la proc\u00e9dure de demande d\u2019admission, les conditions de vie \u00e0 Montr\u00e9al, le soutien offert aux \u00e9tudiants qui ont des enfants, la charge de travail et l\u2019environnement scolaire propos\u00e9.<\/p>\n<p>Nous vous invitons \u00e0 les consulter. Si vous avez toujours des questions auxquelles nous n\u2019avons pas r\u00e9pondu, communiquez avec nous par <a href=\"mailto:info@sivunitsavut.ca\">courriel<\/a> ou par t\u00e9l\u00e9phone, au 514\u00a0303-9944.<\/p>\n<p>Nous esp\u00e9rons avoir le plaisir de vous rencontrer au d\u00e9but de la prochaine ann\u00e9e scolaire![\/vc_column_text][vc_tta_accordion color=\u00a0\u00bbwhite\u00a0\u00bb c_icon=\u00a0\u00bbtriangle\u00a0\u00bb active_section=\u00a0\u00bb99999&Prime; collapsible_all=\u00a0\u00bbtrue\u00a0\u00bb][vc_tta_section title=\u00a0\u00bbQuel est l\u2019\u00e2ge limite pour faire une demande d\u2019admission au programme Nunavik Sivunitsavut?\u00a0\u00bb tab_id=\u00a0\u00bb1543524730497-6212f941-24bc\u00a0\u00bb][vc_column_text]Il n\u2019y a pas d\u2019\u00e2ge limite pour les personnes qui souhaitent suivre le programme; vous devez seulement \u00eatre b\u00e9n\u00e9ficiaire de la CBJNQ et d\u00e9tenir un dipl\u00f4me d\u2019\u00e9tudes secondaires.\u00a0[\/vc_column_text][\/vc_tta_section][vc_tta_section title=\u00a0\u00bbJe suis un b\u00e9n\u00e9ficiaire de la CBJNQ, mais je ne vis pas au Nunavik. Puis-je quand m\u00eame faire une demande d\u2019admission?\u00a0\u00bb tab_id=\u00a0\u00bb1543524730517-b01eaa24-c769&Prime;][vc_column_text]Absolument! Vous devez seulement \u00eatre b\u00e9n\u00e9ficiaire de la CBJNQ et d\u00e9tenir un dipl\u00f4me d\u2019\u00e9tudes secondaires.[\/vc_column_text][\/vc_tta_section][vc_tta_section title=\u00a0\u00bbSi j\u2019ai des enfants ou un conjoint, puis-je quand m\u00eame faire une demande d\u2019admission au programme?\u00a0\u00bb tab_id=\u00a0\u00bb1543957169092-0ae357bc-b303&Prime;][vc_column_text]Oui, l\u2019\u00e9quipe du Nunavik Sivunitsavut et la commission scolaire Kativik Ilisarniliriniq aideront les \u00e9tudiants ayant des enfants ou un conjoint et qui poursuivent des \u00e9tudes postsecondaires. (par exemple\u00a0: soutien dans la recherche de services de garderie et d\u2019un h\u00e9bergement ad\u00e9quat, dans l\u2019inscription scolaire pour votre enfant et dans la compr\u00e9hension de l\u2019environnement de classe).\u00a0[\/vc_column_text][\/vc_tta_section][vc_tta_section title=\u00a0\u00bbO\u00f9 notre classe sera-t-elle situ\u00e9e et comment vais-je m\u2019y rendre?\u00a0\u00bb tab_id=\u00a0\u00bb1543957222673-214b3350-f1c7&Prime;][vc_column_text]Nunavik Sivunitsavut est situ\u00e9 dans le secteur de Saint-Henri. Son adresse est : 976, rue Lacasse, bureau B-214, Montr\u00e9al (Qu\u00e9bec), H4C 2Z3. De plus, de nombreuses lignes d\u2019autobus de la STM sont facilement accessibles.[\/vc_column_text][\/vc_tta_section][vc_tta_section title=\u00a0\u00bbQuels cours vais-je suivre?\u00a0\u00bb tab_id=\u00a0\u00bb1543957277664-5a68e2b0-5ba6&Prime;][vc_column_text]Vous suivrez des cours d\u2019anglais, d\u2019inuktitut, de sciences humaines, d\u2019exploration culturelle par les arts et d\u2019\u00e9ducation physique. Pour obtenir la liste compl\u00e8te des cours offerts, <a href=\"http:\/\/sivunitsavut.ca\/courses\/\">cliquez ici<\/a>.[\/vc_column_text][\/vc_tta_section][vc_tta_section title=\u00a0\u00bb\u00c0 quoi ressemblera mon horaire de cours?\u00a0\u00bb tab_id=\u00a0\u00bb1543957341546-28da715f-61ab\u00a0\u00bb][vc_column_text]Les cours se donnent du lundi au vendredi, de 9\u00a0h\u00a0\u00e0\u00a016\u00a0h. Il y aura \u00e9galement des activit\u00e9s comme du tutorat, de la formation, des activit\u00e9s sociales et de l\u2019aide aux devoirs, propos\u00e9es tous les jours apr\u00e8s 16\u00a0h et parfois le week-end. \u00a0[\/vc_column_text][\/vc_tta_section][vc_tta_section title=\u00a0\u00bbQu\u2019est-ce qu\u2019un code permanent? Je dois l\u2019inscrire sur le formulaire de demande.\u00a0\u00bb tab_id=\u00a0\u00bb1543957378722-76589ba9-824f\u00a0\u00bb][vc_column_text]Le code permanent est votre code d\u2019identification d\u2019\u00e9tudiant du minist\u00e8re de l\u2019\u00c9ducation du Qu\u00e9bec. Il est inscrit sur votre bulletin scolaire, mais vous pouvez l\u2019obtenir aupr\u00e8s du secr\u00e9tariat de votre \u00e9cole. Voir ci-dessous pour un exemple de bulletin scolaire.[\/vc_column_text][vc_single_image image=\u00a0\u00bb247&Prime; img_size=\u00a0\u00bb450&#215;255&Prime; onclick=\u00a0\u00bbzoom\u00a0\u00bb][\/vc_tta_section][vc_tta_section title=\u00a0\u00bbJe n\u2019ai pas encore mon dipl\u00f4me, mais je l\u2019obtiendrai cette ann\u00e9e. Puis-je quand m\u00eame faire une demande d\u2019admission?\u00a0\u00bb tab_id=\u00a0\u00bb1544640029090-918529e5-951f\u00a0\u00bb][vc_column_text]Oui. Nous encourageons tous les candidats \u00e0 effectuer une demande d\u2019admission avant la <strong>date limite du 1<sup>er<\/sup>\u00a0mars<\/strong>, m\u00eame s\u2019ils ne sont pas certains d\u2019obtenir leur dipl\u00f4me d\u2019\u00e9tudes secondaires. Si vous faites une demande pendant que vous terminez vos \u00e9tudes secondaires, vous recevrez une acceptation conditionnelle valable jusqu\u2019\u00e0 ce que vous remplissiez les conditions requises pour recevoir votre dipl\u00f4me d\u2019\u00e9tudes secondaires en juin.\u00a0[\/vc_column_text][\/vc_tta_section][vc_tta_section title=\u00a0\u00bbPourquoi choisir le programme Nunavik Sivunitsavut?\u00a0\u00bb tab_id=\u00a0\u00bb1544640069933-b6bcf7cb-ca84&Prime;][vc_column_text]Il n\u2019existe aucune autre exp\u00e9rience postsecondaire ax\u00e9e sur les connaissances et la culture du Nunavik. Nunavik Sivunitsavut est un programme unique. Vous rencontrerez d\u2019autres Nunavimmiut qui proviennent de partout dans la r\u00e9gion et travaillerez de concert avec eux pour mieux comprendre les r\u00e9alisations, les forces ainsi que les d\u00e9fis pass\u00e9s et actuels des Inuits. Vous serez encourag\u00e9s \u00e0 d\u00e9couvrir de nouvelles fa\u00e7ons de vous exprimer et de parler de votre \u00ab\u00a0inuitude\u00a0\u00bb par l\u2019\u00e9criture, la pr\u00e9sentation orale, les sports traditionnels ainsi que l\u2019art visuel et performatif. Vous serez amen\u00e9 \u00e0 sortir de votre zone de confort et \u00e0 r\u00e9fl\u00e9chir aux raisons pour lesquelles votre identit\u00e9 inuite est importante et pr\u00e9cieuse. Nous esp\u00e9rons qu\u2019\u00e0 la fin de l\u2019ann\u00e9e, vous terminerez le programme Nunavik Sivunitsavut non seulement avec des cr\u00e9dits coll\u00e9giaux, mais aussi avec la fiert\u00e9 de venir du Nunavik et la passion de partager vos origines avec le reste du monde.\u00a0[\/vc_column_text][\/vc_tta_section][\/vc_tta_accordion][vc_row_inner][vc_column_inner]<div class=\"rond-titre-stitre-lien-box\">\n    <div class=\"rond-box\"><img src=\"https:\/\/sivunitsavut.ca\/wp-content\/themes\/henri-theme\/images\/rond-big-3.png\"><\/div>\n    <!--    IMAGE RATIO CARR\u00c9-->\n    <div class=\"img-fond-box\"><img src=\"https:\/\/sivunitsavut.ca\/wp-content\/uploads\/2018\/12\/marysaunders4-735x735.jpg\"><\/div>\n    <div class=\"txt-box\">\n        <h1>\u201cCe programme a vraiment modifi\u00e9 le regard que je porte sur tout autour de moi. C\u2019est ce dont a besoin le Nunavik et c\u2019est ce que veut le Nunavik!\u201d<\/h1>\n        <h2>- Mary Saunders, Kuujjuaq<\/h2>\n                    <a class=\"btn btn-primary\" href=\"https:\/\/sivunitsavut.ca\/fr\/student-testimonials\/\"  title=\"\" target=\"\">Tous les t\u00e9moignages<\/a>\n            <\/div>\n<\/div>[\/vc_column_inner][\/vc_row_inner][\/vc_column][\/vc_row][\/vc_section]<\/p>\n","protected":false},"excerpt":{"rendered":"<p>[vc_row el_class=\u00a0\u00bbno-pad-both\u00a0\u00bb][vc_column][\/vc_column][\/vc_row][vc_row][vc_column offset=\u00a0\u00bbvc_col-lg-offset-1 vc_col-lg-10&Prime;][vc_column_text el_class=\u00a0\u00bbtxt-center\u00a0\u00bb] Vous avez entendu parler du programme Nunavik Sivunitsavut et vous vous demandez si vous devriez faire le saut? Voici pourquoi vous devriez nous choisir. Il n\u2019existe aucune autre exp\u00e9rience postsecondaire ax\u00e9e sur les connaissances et la culture du Nunavik. Nunavik Sivunitsavut est un programme unique qui offre plus que des [&hellip;]<\/p>\n","protected":false},"author":1,"featured_media":0,"parent":0,"menu_order":0,"comment_status":"closed","ping_status":"closed","template":"","meta":[],"acf":[],"_links":{"self":[{"href":"https:\/\/sivunitsavut.ca\/fr\/wp-json\/wp\/v2\/pages\/386"}],"collection":[{"href":"https:\/\/sivunitsavut.ca\/fr\/wp-json\/wp\/v2\/pages"}],"about":[{"href":"https:\/\/sivunitsavut.ca\/fr\/wp-json\/wp\/v2\/types\/page"}],"author":[{"embeddable":true,"href":"https:\/\/sivunitsavut.ca\/fr\/wp-json\/wp\/v2\/users\/1"}],"replies":[{"embeddable":true,"href":"https:\/\/sivunitsavut.ca\/fr\/wp-json\/wp\/v2\/comments?post=386"}],"version-history":[{"count":18,"href":"https:\/\/sivunitsavut.ca\/fr\/wp-json\/wp\/v2\/pages\/386\/revisions"}],"predecessor-version":[{"id":1029,"href":"https:\/\/sivunitsavut.ca\/fr\/wp-json\/wp\/v2\/pages\/386\/revisions\/1029"}],"wp:attachment":[{"href":"https:\/\/sivunitsavut.ca\/fr\/wp-json\/wp\/v2\/media?parent=386"}],"curies":[{"name":"wp","href":"https:\/\/api.w.org\/{rel}","templated":true}]}}