{"id":405,"date":"2018-12-30T14:27:31","date_gmt":"2018-12-30T19:27:31","guid":{"rendered":"http:\/\/sivunitsavut.ca\/?page_id=405"},"modified":"2019-01-06T16:43:12","modified_gmt":"2019-01-06T21:43:12","slug":"temoignages-detudiants","status":"publish","type":"page","link":"https:\/\/sivunitsavut.ca\/fr\/temoignages-detudiants\/","title":{"rendered":"T\u00e9moignages d\u2019\u00e9tudiants"},"content":{"rendered":"<p>[vc_row el_class=\u00a0\u00bbno-pad-both\u00a0\u00bb][vc_column]    <div class=\"hero-box hero-modele-interieur-1\">\n        <div class=\"rond-box\"><img src=\"https:\/\/sivunitsavut.ca\/wp-content\/themes\/henri-theme\/images\/rond-big-3.png\"><\/div>\n        <!--    IMAGE RATIO RECTANGLE-->\n        <div class=\"img-fond-box\">\n            <div class=\"mobile\"><img src=\"https:\/\/sivunitsavut.ca\/wp-content\/uploads\/2018\/12\/hero-testimonials-1-328x250.jpg\"><\/div>\n            <div class=\"desk\"><img src=\"https:\/\/sivunitsavut.ca\/wp-content\/uploads\/2018\/12\/hero-testimonials-1.jpg\"><\/div>\n        <\/div>\n        <div class=\"titre-page\"><h1>T\u00e9moignages d\u2019\u00e9tudiants<\/h1><\/div>\n    <\/div>[\/vc_column][\/vc_row][vc_row][vc_column offset=\u00a0\u00bbvc_col-lg-offset-1 vc_col-lg-10&Prime;][vc_column_text el_class=\u00a0\u00bbtxt-center\u00a0\u00bb]<\/p>\n<h2>Unique au Qu\u00e9bec, le programme Nunavik Sivunitsavut consiste en une ann\u00e9e de cours sur l\u2019histoire, la politique, la gouvernance, la culture et la langue des Inuits et des peuples des r\u00e9gions circumpolaires. Les \u00e9l\u00e8ves y abordent des questions internationales contemporaines d\u2019un point de vue inuit. Ils acqui\u00e8rent ainsi une connaissance inestimable du Nunavik, de son peuple et de sa culture.<\/h2>\n<p>[\/vc_column_text][\/vc_column][\/vc_row][vc_row][vc_column]<div class=\"row\">\n    <div class=\"col-sm-6 col-md-4\">\n        <div class=\"testimonial-single-box\">\n            <div class=\"rond-box\"><img src=\"https:\/\/sivunitsavut.ca\/wp-content\/themes\/henri-theme\/images\/rond-big-2.png\"><\/div>\n            <div class=\"img-rond-box\"><img src=\"https:\/\/sivunitsavut.ca\/wp-content\/uploads\/2018\/12\/lizzie-nowra1-v2-400x400.jpg\"><\/div>\n            <div class=\"bts-text-box\">\n                <p>Il n\u2019existe pas d'autre programme comme Nunavik Sivunitsavut au Nunavik. Il s\u2019agit d\u2019un programme d\u2019\u00e9tudes indispensable qui nous enseigne l\u2019histoire de notre peuple tout en nous permettant d\u2019obtenir des cr\u00e9dits au coll\u00e9gial.<\/p>\n                <p class=\"accentColor\">- Lizzie Nowra, Inukjuak<\/p>\n            <\/div>\n        <\/div>\n    <\/div>\n    <div class=\"col-sm-6 col-md-4\">\n        <div class=\"testimonial-single-box\">\n            <div class=\"rond-box\"><img src=\"https:\/\/sivunitsavut.ca\/wp-content\/themes\/henri-theme\/images\/rond-big-2.png\"><\/div>\n            <div class=\"img-rond-box\"><img src=\"https:\/\/sivunitsavut.ca\/wp-content\/uploads\/2025\/02\/vickyroussel-cr-jade-duchesneau-bernier-400x400.png\"><\/div>\n            <div class=\"bts-text-box\">\n                <p>Nunavik Sivunitsavut m\u2019a aid\u00e9 \u00e0 me reconnecter \u00e0 ma culture et \u00e0 perfectionner mon inuktitut. Essayez-le! On n\u2019est jamais trop vieux pour commencer!<\/p>\n                <p class=\"accentColor\">- Vicky Roussel, Kuujjuaraapik<\/p>\n            <\/div>\n        <\/div>\n    <\/div>\n    <div class=\"col-sm-6 col-md-4\">\n        <div class=\"testimonial-single-box\">\n            <div class=\"rond-box\"><img src=\"https:\/\/sivunitsavut.ca\/wp-content\/themes\/henri-theme\/images\/rond-big-2.png\"><\/div>\n            <div class=\"img-rond-box\"><img src=\"https:\/\/sivunitsavut.ca\/wp-content\/uploads\/2018\/12\/marysaunders4-400x400.jpg\"><\/div>\n            <div class=\"bts-text-box\">\n                <p>Ce programme a vraiment modifi\u00e9 le regard que je porte sur tout autour de moi. C\u2019est ce dont a besoin le Nunavik et c\u2019est ce que veut le Nunavik!<\/p>\n                <p class=\"accentColor\">- Mary Saunders, Kuujjuaq<\/p>\n            <\/div>\n        <\/div>\n    <\/div>\n    <div class=\"col-sm-6 col-md-4\">\n        <div class=\"testimonial-single-box\">\n            <div class=\"rond-box\"><img src=\"https:\/\/sivunitsavut.ca\/wp-content\/themes\/henri-theme\/images\/rond-big-2.png\"><\/div>\n            <div class=\"img-rond-box\"><img src=\"https:\/\/sivunitsavut.ca\/wp-content\/uploads\/2018\/12\/nauya-vidhal1-400x400.jpg\"><\/div>\n            <div class=\"bts-text-box\">\n                <p>Apr\u00e8s seulement un semestre, je sens que je comprends beaucoup plus mon peuple et je suis fi\u00e8re de faire partie d\u2019un peuple si fort et si r\u00e9silient.<\/p>\n                <p class=\"accentColor\">- Nauya Vidahl, Kangiqsujuaq\/Montr\u00e9al<\/p>\n            <\/div>\n        <\/div>\n    <\/div>\n    <div class=\"col-sm-6 col-md-4\">\n        <div class=\"testimonial-single-box\">\n            <div class=\"rond-box\"><img src=\"https:\/\/sivunitsavut.ca\/wp-content\/themes\/henri-theme\/images\/rond-big-2.png\"><\/div>\n            <div class=\"img-rond-box\"><img src=\"https:\/\/sivunitsavut.ca\/wp-content\/uploads\/2025\/02\/elenanassak-cr-jade-duchesneau-bernier-400x400.png\"><\/div>\n            <div class=\"bts-text-box\">\n                <p>Je voulais continuer \u00e0 \u00e9tudier \u00e0 un niveau sup\u00e9rieur. Il fallait que j\u2019en apprenne plus sur ma culture et mon histoire. Pour moi, \u00e7a m\u2019a vraiment ouvert les yeux!<\/p>\n                <p class=\"accentColor\">- Elena Nassak, Kangiqsujuaq<\/p>\n            <\/div>\n        <\/div>\n    <\/div>\n    <div class=\"col-sm-6 col-md-4\">\n        <div class=\"testimonial-single-box\">\n            <div class=\"rond-box\"><img src=\"https:\/\/sivunitsavut.ca\/wp-content\/themes\/henri-theme\/images\/rond-big-2.png\"><\/div>\n            <div class=\"img-rond-box\"><img src=\"https:\/\/sivunitsavut.ca\/wp-content\/uploads\/2025\/02\/tukaiaugiak-cr-jade-duchesneau-bernier-400x400.png\"><\/div>\n            <div class=\"bts-text-box\">\n                <p>Je savais que c\u2019\u00e9tait l\u00e0 que je voulais aller, et c\u2019est pourquoi j\u2019ai fait tout ce que j\u2019ai pu pour fr\u00e9quenter\u00a0 Nunavik Sivunitsavut. J\u2019adore mon choix! \u00c7a a \u00e9t\u00e9 tellement amusant d\u2019en apprendre plus sur l\u2019histoire et sur la politique.\u00a0 Je vais toujours recommander \u00e0 tout le monde de fr\u00e9quenter NS.<\/p>\n                <p class=\"accentColor\">- Tukai Augiak, Kuujjuaq<\/p>\n            <\/div>\n        <\/div>\n    <\/div>\n    <div class=\"col-sm-6 col-md-4\">\n        <div class=\"testimonial-single-box\">\n            <div class=\"rond-box\"><img src=\"https:\/\/sivunitsavut.ca\/wp-content\/themes\/henri-theme\/images\/rond-big-2.png\"><\/div>\n            <div class=\"img-rond-box\"><img src=\"https:\/\/sivunitsavut.ca\/wp-content\/uploads\/2025\/02\/sarahsamisack-cr-jade-duchesneau-bernier-400x400.png\"><\/div>\n            <div class=\"bts-text-box\">\n                <p>Je laisse une piste pour mes enfants. Ce que j\u2019ai r\u00e9alis\u00e9 \u00e0 Nunavik Sivunitsavut me semble \u00eatre un grand accomplissement.<\/p>\n                <p class=\"accentColor\">- Sarah Samisack, Inukjuak<\/p>\n            <\/div>\n        <\/div>\n    <\/div>\n    <div class=\"col-sm-6 col-md-4\">\n        <div class=\"testimonial-single-box\">\n            <div class=\"rond-box\"><img src=\"https:\/\/sivunitsavut.ca\/wp-content\/themes\/henri-theme\/images\/rond-big-2.png\"><\/div>\n            <div class=\"img-rond-box\"><img src=\"https:\/\/sivunitsavut.ca\/wp-content\/uploads\/2025\/02\/eva-nassak-cr-jade-duchesneau-bernier-400x400.png\"><\/div>\n            <div class=\"bts-text-box\">\n                <p>Ce programme m\u2019a aid\u00e9 \u00e0 me pr\u00e9parer pour le c\u00e9gep. Je le recommande. Vous en apprendrez beaucoup sur vous et r\u00e9aliserez que vous pouvez en faire bien plus!<\/p>\n                <p class=\"accentColor\">- Eva Papak Annatok, Quaqtaq<\/p>\n            <\/div>\n        <\/div>\n    <\/div>\n    <div class=\"col-sm-6 col-md-4\">\n        <div class=\"testimonial-single-box\">\n            <div class=\"rond-box\"><img src=\"https:\/\/sivunitsavut.ca\/wp-content\/themes\/henri-theme\/images\/rond-big-2.png\"><\/div>\n            <div class=\"img-rond-box\"><img src=\"https:\/\/sivunitsavut.ca\/wp-content\/uploads\/2025\/02\/sarahqumaq-cr-jade-duchesneau-bernier-400x400.png\"><\/div>\n            <div class=\"bts-text-box\">\n                <p>Je me suis inscrite \u00e0 Nunavik Sivunitsavut parce que ce programme offre des cours d\u2019inuktitut. Je ne le regrette pas!<\/p>\n                <p class=\"accentColor\">- Sarah Qumaq, Akulivik<\/p>\n            <\/div>\n        <\/div>\n    <\/div>\n    <div class=\"col-sm-6 col-md-4\">\n        <div class=\"testimonial-single-box\">\n            <div class=\"rond-box\"><img src=\"https:\/\/sivunitsavut.ca\/wp-content\/themes\/henri-theme\/images\/rond-big-2.png\"><\/div>\n            <div class=\"img-rond-box\"><img src=\"https:\/\/sivunitsavut.ca\/wp-content\/uploads\/2018\/12\/angela-moorhouse-400x400.jpg\"><\/div>\n            <div class=\"bts-text-box\">\n                <p>Nunavik Sivunitsavut est le programme parfait qui permet aux Inuits d\u2019en apprendre davantage sur eux-m\u00eames et de devenir des chefs de file pour apporter d\u2019importants changements positifs au Nunavik.<\/p>\n                <p class=\"accentColor\">- Angela Moorhouse, Inukjuak\/Montr\u00e9al<\/p>\n            <\/div>\n        <\/div>\n    <\/div>\n    <div class=\"col-sm-6 col-md-4\">\n        <div class=\"testimonial-single-box\">\n            <div class=\"rond-box\"><img src=\"https:\/\/sivunitsavut.ca\/wp-content\/themes\/henri-theme\/images\/rond-big-2.png\"><\/div>\n            <div class=\"img-rond-box\"><img src=\"https:\/\/sivunitsavut.ca\/wp-content\/uploads\/2018\/12\/lizzie-novalinga0-400x400.jpg\"><\/div>\n            <div class=\"bts-text-box\">\n                <p>Nunavik Sivunitsavut r\u00e9pond sans aucun doute aux besoins \u00e9ducatifs du Nunavik.<\/p>\n                <p class=\"accentColor\">- Lizzie Novalinga, Umiujaq<\/p>\n            <\/div>\n        <\/div>\n    <\/div>\n    <div class=\"col-sm-6 col-md-4\">\n        <div class=\"testimonial-single-box\">\n            <div class=\"rond-box\"><img src=\"https:\/\/sivunitsavut.ca\/wp-content\/themes\/henri-theme\/images\/rond-big-2.png\"><\/div>\n            <div class=\"img-rond-box\"><img src=\"https:\/\/sivunitsavut.ca\/wp-content\/uploads\/2018\/12\/noemie-arngak1-400x400.jpg\"><\/div>\n            <div class=\"bts-text-box\">\n                <p>Nunavik Sivunitsavut aident les Inuits \u00e0 se sortir des traumatismes interg\u00e9n\u00e9rationnels dont ont souffert leurs anc\u00eatres lors des premiers contacts avec les colons.<\/p>\n                <p class=\"accentColor\">- No\u00e9mie Angak, Kangiqsujuaq<\/p>\n            <\/div>\n        <\/div>\n    <\/div>\n<\/div>\n[\/vc_column][\/vc_row]<\/p>\n","protected":false},"excerpt":{"rendered":"<p>[vc_row el_class=\u00a0\u00bbno-pad-both\u00a0\u00bb][vc_column][\/vc_column][\/vc_row][vc_row][vc_column offset=\u00a0\u00bbvc_col-lg-offset-1 vc_col-lg-10&Prime;][vc_column_text el_class=\u00a0\u00bbtxt-center\u00a0\u00bb] Unique au Qu\u00e9bec, le programme Nunavik Sivunitsavut consiste en une ann\u00e9e de cours sur l\u2019histoire, la politique, la gouvernance, la culture et la langue des Inuits et des peuples des r\u00e9gions circumpolaires. Les \u00e9l\u00e8ves y abordent des questions internationales contemporaines d\u2019un point de vue inuit. Ils acqui\u00e8rent ainsi une connaissance [&hellip;]<\/p>\n","protected":false},"author":1,"featured_media":0,"parent":0,"menu_order":0,"comment_status":"closed","ping_status":"closed","template":"","meta":[],"acf":[],"_links":{"self":[{"href":"https:\/\/sivunitsavut.ca\/fr\/wp-json\/wp\/v2\/pages\/405"}],"collection":[{"href":"https:\/\/sivunitsavut.ca\/fr\/wp-json\/wp\/v2\/pages"}],"about":[{"href":"https:\/\/sivunitsavut.ca\/fr\/wp-json\/wp\/v2\/types\/page"}],"author":[{"embeddable":true,"href":"https:\/\/sivunitsavut.ca\/fr\/wp-json\/wp\/v2\/users\/1"}],"replies":[{"embeddable":true,"href":"https:\/\/sivunitsavut.ca\/fr\/wp-json\/wp\/v2\/comments?post=405"}],"version-history":[{"count":2,"href":"https:\/\/sivunitsavut.ca\/fr\/wp-json\/wp\/v2\/pages\/405\/revisions"}],"predecessor-version":[{"id":454,"href":"https:\/\/sivunitsavut.ca\/fr\/wp-json\/wp\/v2\/pages\/405\/revisions\/454"}],"wp:attachment":[{"href":"https:\/\/sivunitsavut.ca\/fr\/wp-json\/wp\/v2\/media?parent=405"}],"curies":[{"name":"wp","href":"https:\/\/api.w.org\/{rel}","templated":true}]}}